{"id":117,"date":"2025-12-01T18:00:51","date_gmt":"2025-12-01T18:00:51","guid":{"rendered":"https:\/\/diadelmotociclista.com\/?page_id=117"},"modified":"2025-12-01T18:06:40","modified_gmt":"2025-12-01T18:06:40","slug":"ubicacion-y-ruta","status":"publish","type":"page","link":"https:\/\/diadelmotociclista.com\/index.php\/ubicacion-y-ruta\/","title":{"rendered":"Ubicaci\u00f3n y Ruta"},"content":{"rendered":"\n<p>La reuni\u00f3n es el S\u00e1bado 6 de Diciembre de 2025 en el Monumento al Maestro de Toluca, M\u00e9xico a las 3:00 pm para salir con destino al lugar del evento, marcado en el mapa.<\/p>\n\n\n\n<iframe src=\"https:\/\/www.google.com\/maps\/embed?pb=!1m28!1m12!1m3!1d25228.144485240315!2d-99.64583294014619!3d19.257741911616254!2m3!1f0!2f0!3f0!3m2!1i1024!2i768!4f13.1!4m13!3e9!4m5!1s0x85cd899725523eb1%3A0x58dfaebff4a1723f!2sMonumento%20al%20maestro%2C%20Monumento%20a%20los%20Maestros%2C%20Avenida%20Profesor%20Heriberto%20Enr%C3%ADquez%204%20Sur%2C%20Universidad%2C%20Toluca%20de%20Lerdo%2C%20Estado%20de%20M%C3%A9xico!3m2!1d19.2790928!2d-99.6517279!4m5!1s0x85cd8b9a87954039%3A0xe70475f6ac40fe6f!2s6CP2%2BG8%2C%20Manzana%20001%2C%2052143%20Las%20Minas%2C%20M%C3%A9x.!3m2!1d19.2363125!2d-99.5991875!5e1!3m2!1ses!2smx!4v1764612377092!5m2!1ses!2smx\" width=\"600\" height=\"450\" style=\"border:0;\" allowfullscreen=\"\" loading=\"lazy\" referrerpolicy=\"no-referrer-when-downgrade\"><\/iframe>\n","protected":false},"excerpt":{"rendered":"<p>La reuni\u00f3n es el S\u00e1bado 6 de Diciembre de 2025 en el Monumento al Maestro de Toluca, M\u00e9xico a las 3:00 pm para salir con destino al lugar del evento, marcado en el mapa.<\/p>\n","protected":false},"author":1,"featured_media":0,"parent":0,"menu_order":0,"comment_status":"closed","ping_status":"closed","template":"","meta":{"footnotes":""},"class_list":["post-117","page","type-page","status-publish","hentry"],"_links":{"self":[{"href":"https:\/\/diadelmotociclista.com\/index.php\/wp-json\/wp\/v2\/pages\/117","targetHints":{"allow":["GET"]}}],"collection":[{"href":"https:\/\/diadelmotociclista.com\/index.php\/wp-json\/wp\/v2\/pages"}],"about":[{"href":"https:\/\/diadelmotociclista.com\/index.php\/wp-json\/wp\/v2\/types\/page"}],"author":[{"embeddable":true,"href":"https:\/\/diadelmotociclista.com\/index.php\/wp-json\/wp\/v2\/users\/1"}],"replies":[{"embeddable":true,"href":"https:\/\/diadelmotociclista.com\/index.php\/wp-json\/wp\/v2\/comments?post=117"}],"version-history":[{"count":2,"href":"https:\/\/diadelmotociclista.com\/index.php\/wp-json\/wp\/v2\/pages\/117\/revisions"}],"predecessor-version":[{"id":122,"href":"https:\/\/diadelmotociclista.com\/index.php\/wp-json\/wp\/v2\/pages\/117\/revisions\/122"}],"wp:attachment":[{"href":"https:\/\/diadelmotociclista.com\/index.php\/wp-json\/wp\/v2\/media?parent=117"}],"curies":[{"name":"wp","href":"https:\/\/api.w.org\/{rel}","templated":true}]}}