{"id":62,"date":"2025-11-13T18:21:37","date_gmt":"2025-11-13T18:21:37","guid":{"rendered":"https:\/\/diadelmotociclista.com\/?page_id=62"},"modified":"2025-11-13T18:21:37","modified_gmt":"2025-11-13T18:21:37","slug":"participantes","status":"publish","type":"page","link":"https:\/\/diadelmotociclista.com\/index.php\/participantes\/","title":{"rendered":"Participantes"},"content":{"rendered":"\n<div class=\"wp-block-group has-global-padding is-layout-constrained wp-block-group-is-layout-constrained\">\n<p class=\"has-text-align-center\">Alfas<\/p>\n\n\n\n<p class=\"has-text-align-center\">As de espadas<\/p>\n\n\n\n<p class=\"has-text-align-center\">Aventureros Toluca<\/p>\n\n\n\n<p class=\"has-text-align-center\">Barbas MC y lonche comida<\/p>\n\n\n\n<p class=\"has-text-align-center\">Black Bones-Albedrios<\/p>\n\n\n\n<p class=\"has-text-align-center\">Black Panthers<\/p>\n\n\n\n<p class=\"has-text-align-center\">Calaveras<\/p>\n\n\n\n<p class=\"has-text-align-center\">Chubbys MC<\/p>\n\n\n\n<p class=\"has-text-align-center\">Clowns LEDT<\/p>\n\n\n\n<p class=\"has-text-align-center\">Crotalus M\u00e9xico<\/p>\n\n\n\n<p class=\"has-text-align-center\">Cuervos<\/p>\n\n\n\n<p class=\"has-text-align-center\">Dinast\u00eda Biker<\/p>\n\n\n\n<p class=\"has-text-align-center\">Emisarios Toluca<\/p>\n\n\n\n<p class=\"has-text-align-center\">Fire Reborn<\/p>\n\n\n\n<p class=\"has-text-align-center\">Fraternidad de Motociclistas<\/p>\n\n\n\n<p class=\"has-text-align-center\">Grandeza Mexicana An\u00edbal Glz Indep.<\/p>\n\n\n\n<p class=\"has-text-align-center\">Hell Bikers<\/p>\n\n\n\n<p class=\"has-text-align-center\">Independents Rider<\/p>\n\n\n\n<p class=\"has-text-align-center\">Iron Jokers<\/p>\n\n\n\n<p class=\"has-text-align-center\">Lama Metepec<\/p>\n\n\n\n<p class=\"has-text-align-center\">Ma\u00f1osos Riders MC<\/p>\n\n\n\n<p class=\"has-text-align-center\">Mejicano Naci\u00f3n<\/p>\n\n\n\n<p class=\"has-text-align-center\">Nahash MC Edo. M\u00e9x<\/p>\n\n\n\n<p class=\"has-text-align-center\">Peste Negra MC<\/p>\n\n\n\n<p class=\"has-text-align-center\">Resilientes Bikers<\/p>\n\n\n\n<p class=\"has-text-align-center\">Rutas por Delante<\/p>\n\n\n\n<p class=\"has-text-align-center\">Sanguinarios MC<\/p>\n\n\n\n<p class=\"has-text-align-center\">Skull<\/p>\n\n\n\n<p class=\"has-text-align-center\">Somos Leones Toluca<\/p>\n\n\n\n<p class=\"has-text-align-center\">Tejones<\/p>\n\n\n\n<p class=\"has-text-align-center\">Trikers Cuevas<\/p>\n\n\n\n<p class=\"has-text-align-center\">Wolverine Amigos Harley<\/p>\n<\/div>\n","protected":false},"excerpt":{"rendered":"<p>Alfas As de espadas Aventureros Toluca Barbas MC y lonche comida Black Bones-Albedrios Black Panthers Calaveras Chubbys MC Clowns LEDT Crotalus M\u00e9xico Cuervos Dinast\u00eda Biker Emisarios Toluca Fire Reborn Fraternidad de Motociclistas Grandeza Mexicana An\u00edbal Glz Indep. Hell Bikers Independents Rider Iron Jokers Lama Metepec Ma\u00f1osos Riders MC Mejicano Naci\u00f3n Nahash MC Edo. M\u00e9x Peste [&hellip;]<\/p>\n","protected":false},"author":1,"featured_media":0,"parent":0,"menu_order":0,"comment_status":"closed","ping_status":"closed","template":"","meta":{"footnotes":""},"class_list":["post-62","page","type-page","status-publish","hentry"],"_links":{"self":[{"href":"https:\/\/diadelmotociclista.com\/index.php\/wp-json\/wp\/v2\/pages\/62","targetHints":{"allow":["GET"]}}],"collection":[{"href":"https:\/\/diadelmotociclista.com\/index.php\/wp-json\/wp\/v2\/pages"}],"about":[{"href":"https:\/\/diadelmotociclista.com\/index.php\/wp-json\/wp\/v2\/types\/page"}],"author":[{"embeddable":true,"href":"https:\/\/diadelmotociclista.com\/index.php\/wp-json\/wp\/v2\/users\/1"}],"replies":[{"embeddable":true,"href":"https:\/\/diadelmotociclista.com\/index.php\/wp-json\/wp\/v2\/comments?post=62"}],"version-history":[{"count":1,"href":"https:\/\/diadelmotociclista.com\/index.php\/wp-json\/wp\/v2\/pages\/62\/revisions"}],"predecessor-version":[{"id":63,"href":"https:\/\/diadelmotociclista.com\/index.php\/wp-json\/wp\/v2\/pages\/62\/revisions\/63"}],"wp:attachment":[{"href":"https:\/\/diadelmotociclista.com\/index.php\/wp-json\/wp\/v2\/media?parent=62"}],"curies":[{"name":"wp","href":"https:\/\/api.w.org\/{rel}","templated":true}]}}